{"id":2298,"date":"2023-10-30T17:46:24","date_gmt":"2023-10-30T17:46:24","guid":{"rendered":"https:\/\/croe.pt\/?page_id=2298"},"modified":"2024-05-29T14:42:16","modified_gmt":"2024-05-29T13:42:16","slug":"odontopediatria-2","status":"publish","type":"page","link":"https:\/\/croe.pt\/index.php\/odontopediatria-2\/","title":{"rendered":"odontopediatria"},"content":{"rendered":"\t\t<div data-elementor-type=\"wp-page\" data-elementor-id=\"2298\" class=\"elementor elementor-2298\" data-elementor-post-type=\"page\">\n\t\t\t\t<div class=\"elementor-element elementor-element-b78eba1 e-con-full animated-slow e-flex elementor-invisible e-con e-parent\" data-id=\"b78eba1\" data-element_type=\"container\" data-settings=\"{&quot;background_background&quot;:&quot;classic&quot;,&quot;animation&quot;:&quot;fadeIn&quot;}\">\n\t\t\t\t<\/div>\n\t\t<div class=\"elementor-element elementor-element-80eaebb e-flex e-con-boxed e-con e-parent\" data-id=\"80eaebb\" data-element_type=\"container\">\n\t\t\t\t\t<div class=\"e-con-inner\">\n\t\t\t\t<div class=\"elementor-element elementor-element-1b3ff4e elementor-widget__width-initial elementor-widget-mobile__width-inherit elementor-invisible elementor-widget elementor-widget-heading\" data-id=\"1b3ff4e\" data-element_type=\"widget\" data-settings=\"{&quot;_animation_mobile&quot;:&quot;fadeIn&quot;,&quot;_animation&quot;:&quot;fadeInLeft&quot;}\" data-widget_type=\"heading.default\">\n\t\t\t\t<div class=\"elementor-widget-container\">\n\t\t\t\t\t<h2 class=\"elementor-heading-title elementor-size-default\">tratamento dent\u00e1rio infantil<\/h2>\t\t\t\t<\/div>\n\t\t\t\t<\/div>\n\t\t\t\t<div class=\"elementor-element elementor-element-83ae943 elementor-widget-divider--view-line elementor-widget elementor-widget-divider\" data-id=\"83ae943\" data-element_type=\"widget\" data-widget_type=\"divider.default\">\n\t\t\t\t<div class=\"elementor-widget-container\">\n\t\t\t\t\t\t\t<div class=\"elementor-divider\">\n\t\t\t<span class=\"elementor-divider-separator\">\n\t\t\t\t\t\t<\/span>\n\t\t<\/div>\n\t\t\t\t\t\t<\/div>\n\t\t\t\t<\/div>\n\t\t\t\t\t<\/div>\n\t\t\t\t<\/div>\n\t\t<div class=\"elementor-element elementor-element-5b895f8 e-flex e-con-boxed e-con e-parent\" data-id=\"5b895f8\" data-element_type=\"container\">\n\t\t\t\t\t<div class=\"e-con-inner\">\n\t\t\t\t<div class=\"elementor-element elementor-element-b4a1e5e elementor-invisible elementor-widget elementor-widget-text-editor\" data-id=\"b4a1e5e\" data-element_type=\"widget\" data-settings=\"{&quot;_animation_mobile&quot;:&quot;fadeIn&quot;,&quot;_animation&quot;:&quot;fadeInLeft&quot;}\" data-widget_type=\"text-editor.default\">\n\t\t\t\t<div class=\"elementor-widget-container\">\n\t\t\t\t\t\t\t\t\t<p>O tratamento dent\u00e1rio infantil \u00e9 uma especialidade dent\u00e1ria que se dedica ao cuidado oral de beb\u00e9s, crian\u00e7as e adolescentes.<br \/>Essa \u00e1rea tem como objetivo fornecer cuidados dent\u00e1rios especializados e adaptados \u00e0s necessidades espec\u00edficas das crian\u00e7as, promovendo a sa\u00fade oral desde a inf\u00e2ncia at\u00e9 a adolesc\u00eancia.<\/p><p>O tratamento dent\u00e1rio infantil abrange uma variedade de servi\u00e7os, incluindo exames de rotina, limpeza e polimento dos dentes, aplica\u00e7\u00e3o de fl\u00faor, selantes dent\u00e1rios, tratamento de c\u00e1ries, tratamento de dentes danificados ou fraturados, corre\u00e7\u00e3o de m\u00e1 oclus\u00e3o (mordida desalinhada) e educa\u00e7\u00e3o em higiene oral.<\/p><p>Um dos principais objetivos do tratamento dent\u00e1rio infantil \u00e9 criar um ambiente acolhedor e amig\u00e1vel para as crian\u00e7as, de modo a promover experi\u00eancias positivas e reduzir a ansiedade relacionada ao tratamento dent\u00e1rio.<\/p>\t\t\t\t\t\t\t\t<\/div>\n\t\t\t\t<\/div>\n\t\t\t\t\t<\/div>\n\t\t\t\t<\/div>\n\t\t<div class=\"elementor-element elementor-element-a29a8ed e-con-full e-flex e-con e-parent\" data-id=\"a29a8ed\" data-element_type=\"container\" data-settings=\"{&quot;background_background&quot;:&quot;classic&quot;}\">\n\t\t\t\t<div class=\"elementor-element elementor-element-3a3286b elementor-widget__width-initial elementor-widget-mobile__width-inherit elementor-invisible elementor-widget elementor-widget-heading\" data-id=\"3a3286b\" data-element_type=\"widget\" data-settings=\"{&quot;_animation_mobile&quot;:&quot;fadeInUp&quot;,&quot;_animation&quot;:&quot;fadeInUp&quot;}\" data-widget_type=\"heading.default\">\n\t\t\t\t<div class=\"elementor-widget-container\">\n\t\t\t\t\t<h2 class=\"elementor-heading-title elementor-size-default\">Agende a sua consulta agora!<\/h2>\t\t\t\t<\/div>\n\t\t\t\t<\/div>\n\t\t\t\t<div class=\"elementor-element elementor-element-5503939 elementor-align-right elementor-mobile-align-center elementor-widget__width-initial elementor-invisible elementor-widget elementor-widget-button\" data-id=\"5503939\" data-element_type=\"widget\" data-settings=\"{&quot;_animation_mobile&quot;:&quot;fadeInUp&quot;,&quot;_animation&quot;:&quot;fadeInUp&quot;}\" data-widget_type=\"button.default\">\n\t\t\t\t<div class=\"elementor-widget-container\">\n\t\t\t\t\t\t\t\t\t<div class=\"elementor-button-wrapper\">\n\t\t\t\t\t<a class=\"elementor-button elementor-button-link elementor-size-sm\" href=\"https:\/\/wa.me\/351916644743?text=Ol%C3%A1%2C+vi+o+seu+site+na+internet+e+gostaria+de+marcar+uma+consulta%21\" target=\"_blank\">\n\t\t\t\t\t\t<span class=\"elementor-button-content-wrapper\">\n\t\t\t\t\t\t\t\t\t<span class=\"elementor-button-text\">Marcar consulta<\/span>\n\t\t\t\t\t<\/span>\n\t\t\t\t\t<\/a>\n\t\t\t\t<\/div>\n\t\t\t\t\t\t\t\t<\/div>\n\t\t\t\t<\/div>\n\t\t\t\t<\/div>\n\t\t<div class=\"elementor-element elementor-element-bc1204b e-flex e-con-boxed e-con e-parent\" data-id=\"bc1204b\" data-element_type=\"container\">\n\t\t\t\t\t<div class=\"e-con-inner\">\n\t\t\t\t<div class=\"elementor-element elementor-element-3dbaae2 elementor-widget elementor-widget-heading\" data-id=\"3dbaae2\" data-element_type=\"widget\" data-widget_type=\"heading.default\">\n\t\t\t\t<div class=\"elementor-widget-container\">\n\t\t\t\t\t<h3 class=\"elementor-heading-title elementor-size-default\">casos cl\u00ednicos\n<\/h3>\t\t\t\t<\/div>\n\t\t\t\t<\/div>\n\t\t\t\t\t<\/div>\n\t\t\t\t<\/div>\n\t\t<div class=\"elementor-element elementor-element-54b55c6 e-flex e-con-boxed e-con e-parent\" data-id=\"54b55c6\" data-element_type=\"container\">\n\t\t\t\t\t<div class=\"e-con-inner\">\n\t\t\t\t<div class=\"elementor-element elementor-element-b3553b7 elementor-arrows-position-outside elementor-widget__width-inherit elementor-widget elementor-widget-image-carousel\" data-id=\"b3553b7\" data-element_type=\"widget\" data-settings=\"{&quot;slides_to_show&quot;:&quot;4&quot;,&quot;image_spacing_custom&quot;:{&quot;unit&quot;:&quot;px&quot;,&quot;size&quot;:6,&quot;sizes&quot;:[]},&quot;slides_to_show_widescreen&quot;:&quot;4&quot;,&quot;slides_to_show_laptop&quot;:&quot;4&quot;,&quot;slides_to_show_tablet_extra&quot;:&quot;4&quot;,&quot;slides_to_show_tablet&quot;:&quot;3&quot;,&quot;slides_to_show_mobile&quot;:&quot;2&quot;,&quot;slides_to_scroll&quot;:&quot;1&quot;,&quot;navigation&quot;:&quot;arrows&quot;,&quot;autoplay&quot;:&quot;yes&quot;,&quot;pause_on_hover&quot;:&quot;yes&quot;,&quot;pause_on_interaction&quot;:&quot;yes&quot;,&quot;autoplay_speed&quot;:5000,&quot;infinite&quot;:&quot;yes&quot;,&quot;speed&quot;:500,&quot;image_spacing_custom_widescreen&quot;:{&quot;unit&quot;:&quot;px&quot;,&quot;size&quot;:&quot;&quot;,&quot;sizes&quot;:[]},&quot;image_spacing_custom_laptop&quot;:{&quot;unit&quot;:&quot;px&quot;,&quot;size&quot;:&quot;&quot;,&quot;sizes&quot;:[]},&quot;image_spacing_custom_tablet_extra&quot;:{&quot;unit&quot;:&quot;px&quot;,&quot;size&quot;:&quot;&quot;,&quot;sizes&quot;:[]},&quot;image_spacing_custom_tablet&quot;:{&quot;unit&quot;:&quot;px&quot;,&quot;size&quot;:&quot;&quot;,&quot;sizes&quot;:[]},&quot;image_spacing_custom_mobile_extra&quot;:{&quot;unit&quot;:&quot;px&quot;,&quot;size&quot;:&quot;&quot;,&quot;sizes&quot;:[]},&quot;image_spacing_custom_mobile&quot;:{&quot;unit&quot;:&quot;px&quot;,&quot;size&quot;:&quot;&quot;,&quot;sizes&quot;:[]}}\" data-widget_type=\"image-carousel.default\">\n\t\t\t\t<div class=\"elementor-widget-container\">\n\t\t\t\t\t\t\t<div class=\"elementor-image-carousel-wrapper swiper\" role=\"region\" aria-roledescription=\"carousel\" aria-label=\"Carrossel de imagens\" dir=\"ltr\">\n\t\t\t<div class=\"elementor-image-carousel swiper-wrapper\" aria-live=\"off\">\n\t\t\t\t\t\t\t\t<div class=\"swiper-slide\" role=\"group\" aria-roledescription=\"slide\" aria-label=\"1 de 4\"><a data-elementor-open-lightbox=\"yes\" data-elementor-lightbox-slideshow=\"b3553b7\" data-elementor-lightbox-title=\"odontped04\" data-e-action-hash=\"#elementor-action%3Aaction%3Dlightbox%26settings%3DeyJpZCI6MjQwMCwidXJsIjoiaHR0cHM6XC9cL2Nyb2UucHRcL3dwLWNvbnRlbnRcL3VwbG9hZHNcLzIwMjNcLzExXC9vZG9udHBlZDA0LmpwZyIsInNsaWRlc2hvdyI6ImIzNTUzYjcifQ%3D%3D\" href=\"https:\/\/croe.pt\/wp-content\/uploads\/2023\/11\/odontped04.jpg\"><figure class=\"swiper-slide-inner\"><img decoding=\"async\" class=\"swiper-slide-image\" src=\"https:\/\/croe.pt\/wp-content\/uploads\/2023\/11\/odontped04-295x300.jpg\" alt=\"odontped04\" \/><\/figure><\/a><\/div><div class=\"swiper-slide\" role=\"group\" aria-roledescription=\"slide\" aria-label=\"2 de 4\"><a data-elementor-open-lightbox=\"yes\" data-elementor-lightbox-slideshow=\"b3553b7\" data-elementor-lightbox-title=\"odontped03\" data-e-action-hash=\"#elementor-action%3Aaction%3Dlightbox%26settings%3DeyJpZCI6MjQwMSwidXJsIjoiaHR0cHM6XC9cL2Nyb2UucHRcL3dwLWNvbnRlbnRcL3VwbG9hZHNcLzIwMjNcLzExXC9vZG9udHBlZDAzLmpwZyIsInNsaWRlc2hvdyI6ImIzNTUzYjcifQ%3D%3D\" href=\"https:\/\/croe.pt\/wp-content\/uploads\/2023\/11\/odontped03.jpg\"><figure class=\"swiper-slide-inner\"><img decoding=\"async\" class=\"swiper-slide-image\" src=\"https:\/\/croe.pt\/wp-content\/uploads\/2023\/11\/odontped03-295x300.jpg\" alt=\"odontped03\" \/><\/figure><\/a><\/div><div class=\"swiper-slide\" role=\"group\" aria-roledescription=\"slide\" aria-label=\"3 de 4\"><a data-elementor-open-lightbox=\"yes\" data-elementor-lightbox-slideshow=\"b3553b7\" data-elementor-lightbox-title=\"odontped02\" data-e-action-hash=\"#elementor-action%3Aaction%3Dlightbox%26settings%3DeyJpZCI6MjQwMiwidXJsIjoiaHR0cHM6XC9cL2Nyb2UucHRcL3dwLWNvbnRlbnRcL3VwbG9hZHNcLzIwMjNcLzExXC9vZG9udHBlZDAyLmpwZyIsInNsaWRlc2hvdyI6ImIzNTUzYjcifQ%3D%3D\" href=\"https:\/\/croe.pt\/wp-content\/uploads\/2023\/11\/odontped02.jpg\"><figure class=\"swiper-slide-inner\"><img decoding=\"async\" class=\"swiper-slide-image\" src=\"https:\/\/croe.pt\/wp-content\/uploads\/2023\/11\/odontped02-295x300.jpg\" alt=\"odontped02\" \/><\/figure><\/a><\/div><div class=\"swiper-slide\" role=\"group\" aria-roledescription=\"slide\" aria-label=\"4 de 4\"><a data-elementor-open-lightbox=\"yes\" data-elementor-lightbox-slideshow=\"b3553b7\" data-elementor-lightbox-title=\"odontped01\" data-e-action-hash=\"#elementor-action%3Aaction%3Dlightbox%26settings%3DeyJpZCI6MjQwMywidXJsIjoiaHR0cHM6XC9cL2Nyb2UucHRcL3dwLWNvbnRlbnRcL3VwbG9hZHNcLzIwMjNcLzExXC9vZG9udHBlZDAxLmpwZyIsInNsaWRlc2hvdyI6ImIzNTUzYjcifQ%3D%3D\" href=\"https:\/\/croe.pt\/wp-content\/uploads\/2023\/11\/odontped01.jpg\"><figure class=\"swiper-slide-inner\"><img decoding=\"async\" class=\"swiper-slide-image\" src=\"https:\/\/croe.pt\/wp-content\/uploads\/2023\/11\/odontped01-295x300.jpg\" alt=\"odontped01\" \/><\/figure><\/a><\/div>\t\t\t<\/div>\n\t\t\t\t\t\t\t\t\t\t\t\t<div class=\"elementor-swiper-button elementor-swiper-button-prev\" role=\"button\" tabindex=\"0\">\n\t\t\t\t\t\t<i aria-hidden=\"true\" class=\"eicon-chevron-left\"><\/i>\t\t\t\t\t<\/div>\n\t\t\t\t\t<div class=\"elementor-swiper-button elementor-swiper-button-next\" role=\"button\" tabindex=\"0\">\n\t\t\t\t\t\t<i aria-hidden=\"true\" class=\"eicon-chevron-right\"><\/i>\t\t\t\t\t<\/div>\n\t\t\t\t\n\t\t\t\t\t\t\t\t\t<\/div>\n\t\t\t\t\t\t<\/div>\n\t\t\t\t<\/div>\n\t\t\t\t<div class=\"elementor-element elementor-element-fc6d623 elementor-widget elementor-widget-spacer\" data-id=\"fc6d623\" data-element_type=\"widget\" data-widget_type=\"spacer.default\">\n\t\t\t\t<div class=\"elementor-widget-container\">\n\t\t\t\t\t\t\t<div class=\"elementor-spacer\">\n\t\t\t<div class=\"elementor-spacer-inner\"><\/div>\n\t\t<\/div>\n\t\t\t\t\t\t<\/div>\n\t\t\t\t<\/div>\n\t\t\t\t\t<\/div>\n\t\t\t\t<\/div>\n\t\t<div class=\"elementor-element elementor-element-b1d4134 e-con-full e-flex e-con e-parent\" data-id=\"b1d4134\" data-element_type=\"container\" data-settings=\"{&quot;background_background&quot;:&quot;classic&quot;}\">\n\t\t<div class=\"elementor-element elementor-element-007a527 e-con-full animated-slow e-flex elementor-invisible e-con e-child\" data-id=\"007a527\" data-element_type=\"container\" data-settings=\"{&quot;background_background&quot;:&quot;classic&quot;,&quot;animation&quot;:&quot;fadeIn&quot;}\">\n\t\t\t\t<div class=\"elementor-element elementor-element-2e9cf73 elementor-widget-mobile__width-inherit elementor-widget elementor-widget-heading\" data-id=\"2e9cf73\" data-element_type=\"widget\" data-widget_type=\"heading.default\">\n\t\t\t\t<div class=\"elementor-widget-container\">\n\t\t\t\t\t<h2 class=\"elementor-heading-title elementor-size-default\">Marque a sua consulta agora!<\/h2>\t\t\t\t<\/div>\n\t\t\t\t<\/div>\n\t\t\t\t<div class=\"elementor-element elementor-element-0358705 elementor-widget-mobile__width-inherit elementor-widget elementor-widget-text-editor\" data-id=\"0358705\" data-element_type=\"widget\" data-widget_type=\"text-editor.default\">\n\t\t\t\t<div class=\"elementor-widget-container\">\n\t\t\t\t\t\t\t\t\t<p>Ap\u00f3s efetuar o agendamento online, voc\u00ea receber\u00e1 um contato das nossas atendentes para verificar a disponibilidade de hor\u00e1rio ou realizar um reagendamento para uma outra data ou hora. Somente ap\u00f3s essa comunica\u00e7\u00e3o \u00e9 que a consulta ser\u00e1 oficialmente marcada.<\/p>\t\t\t\t\t\t\t\t<\/div>\n\t\t\t\t<\/div>\n\t\t\t\t<div class=\"elementor-element elementor-element-478592d elementor-widget-mobile__width-inherit elementor-button-align-stretch elementor-widget elementor-widget-form\" data-id=\"478592d\" data-element_type=\"widget\" data-settings=\"{&quot;step_next_label&quot;:&quot;Next&quot;,&quot;step_previous_label&quot;:&quot;Previous&quot;,&quot;button_width&quot;:&quot;100&quot;,&quot;step_type&quot;:&quot;number_text&quot;,&quot;step_icon_shape&quot;:&quot;circle&quot;}\" data-widget_type=\"form.default\">\n\t\t\t\t<div class=\"elementor-widget-container\">\n\t\t\t\t\t\t\t<form class=\"elementor-form\" method=\"post\" name=\"New Form\">\n\t\t\t<input type=\"hidden\" name=\"post_id\" value=\"2298\"\/>\n\t\t\t<input type=\"hidden\" name=\"form_id\" value=\"478592d\"\/>\n\t\t\t<input type=\"hidden\" name=\"referer_title\" value=\"\" \/>\n\n\t\t\t\n\t\t\t<div class=\"ele-extensions-hide-form elementor-form-fields-wrapper elementor-labels-above\">\n\t\t\t\t\t\t\t\t<div class=\"elementor-field-type-text elementor-field-group elementor-column elementor-field-group-nome elementor-col-100 elementor-field-required\">\n\t\t\t\t\t\t\t\t\t\t\t\t<label for=\"form-field-nome\" class=\"elementor-field-label\">\n\t\t\t\t\t\t\t\tNome completo\t\t\t\t\t\t\t<\/label>\n\t\t\t\t\t\t\t\t\t\t\t\t\t\t<input size=\"1\" type=\"text\" name=\"form_fields[nome]\" id=\"form-field-nome\" class=\"elementor-field elementor-size-md  elementor-field-textual\" placeholder=\"Nome\" required=\"required\" aria-required=\"true\">\n\t\t\t\t\t\t\t\t\t\t\t<\/div>\n\t\t\t\t\t\t\t\t<div class=\"elementor-field-type-text elementor-field-group elementor-column elementor-field-group-telemovel elementor-col-100 elementor-field-required\">\n\t\t\t\t\t\t\t\t\t\t\t\t<label for=\"form-field-telemovel\" class=\"elementor-field-label\">\n\t\t\t\t\t\t\t\tTelem\u00f3vel\t\t\t\t\t\t\t<\/label>\n\t\t\t\t\t\t\t\t\t\t\t\t\t\t<input size=\"1\" type=\"text\" name=\"form_fields[telemovel]\" id=\"form-field-telemovel\" class=\"elementor-field elementor-size-md  elementor-field-textual\" placeholder=\"Telem\u00f3vel\" required=\"required\" aria-required=\"true\">\n\t\t\t\t\t\t\t\t\t\t\t<\/div>\n\t\t\t\t\t\t\t\t<div class=\"elementor-field-type-email elementor-field-group elementor-column elementor-field-group-email elementor-col-100 elementor-field-required\">\n\t\t\t\t\t\t\t\t\t\t\t\t<label for=\"form-field-email\" class=\"elementor-field-label\">\n\t\t\t\t\t\t\t\tEmail\t\t\t\t\t\t\t<\/label>\n\t\t\t\t\t\t\t\t\t\t\t\t\t\t<input size=\"1\" type=\"email\" name=\"form_fields[email]\" id=\"form-field-email\" class=\"elementor-field elementor-size-md  elementor-field-textual\" placeholder=\"Email\" required=\"required\" aria-required=\"true\">\n\t\t\t\t\t\t\t\t\t\t\t<\/div>\n\t\t\t\t\t\t\t\t<div class=\"elementor-field-type-text elementor-field-group elementor-column elementor-field-group-field_756823f elementor-col-100 elementor-field-required\">\n\t\t\t\t\t\t\t\t\t\t\t\t<label for=\"form-field-field_756823f\" class=\"elementor-field-label\">\n\t\t\t\t\t\t\t\tMorada\t\t\t\t\t\t\t<\/label>\n\t\t\t\t\t\t\t\t\t\t\t\t\t\t<input size=\"1\" type=\"text\" name=\"form_fields[field_756823f]\" id=\"form-field-field_756823f\" class=\"elementor-field elementor-size-md  elementor-field-textual\" required=\"required\" aria-required=\"true\">\n\t\t\t\t\t\t\t\t\t\t\t<\/div>\n\t\t\t\t\t\t\t\t<div class=\"elementor-field-type-text elementor-field-group elementor-column elementor-field-group-field_d47784a elementor-col-50 elementor-field-required\">\n\t\t\t\t\t\t\t\t\t\t\t\t<label for=\"form-field-field_d47784a\" class=\"elementor-field-label\">\n\t\t\t\t\t\t\t\tLocalidade\t\t\t\t\t\t\t<\/label>\n\t\t\t\t\t\t\t\t\t\t\t\t\t\t<input size=\"1\" type=\"text\" name=\"form_fields[field_d47784a]\" id=\"form-field-field_d47784a\" class=\"elementor-field elementor-size-md  elementor-field-textual\" required=\"required\" aria-required=\"true\">\n\t\t\t\t\t\t\t\t\t\t\t<\/div>\n\t\t\t\t\t\t\t\t<div class=\"elementor-field-type-text elementor-field-group elementor-column elementor-field-group-field_fcdec42 elementor-col-50 elementor-field-required\">\n\t\t\t\t\t\t\t\t\t\t\t\t<label for=\"form-field-field_fcdec42\" class=\"elementor-field-label\">\n\t\t\t\t\t\t\t\tC\u00f3digo postal\t\t\t\t\t\t\t<\/label>\n\t\t\t\t\t\t\t\t\t\t\t\t\t\t<input size=\"1\" type=\"text\" name=\"form_fields[field_fcdec42]\" id=\"form-field-field_fcdec42\" class=\"elementor-field elementor-size-md  elementor-field-textual\" required=\"required\" aria-required=\"true\">\n\t\t\t\t\t\t\t\t\t\t\t<\/div>\n\t\t\t\t\t\t\t\t<div class=\"elementor-field-type-date elementor-field-group elementor-column elementor-field-group-field_b6f3c03 elementor-col-50 elementor-field-required\">\n\t\t\t\t\t\t\t\t\t\t\t\t<label for=\"form-field-field_b6f3c03\" class=\"elementor-field-label\">\n\t\t\t\t\t\t\t\tData pretendida\t\t\t\t\t\t\t<\/label>\n\t\t\t\t\t\t\n\t\t<input type=\"date\" name=\"form_fields[field_b6f3c03]\" id=\"form-field-field_b6f3c03\" class=\"elementor-field elementor-size-md  elementor-field-textual elementor-date-field\" required=\"required\" aria-required=\"true\" pattern=\"[0-9]{4}-[0-9]{2}-[0-9]{2}\">\n\t\t\t\t\t\t<\/div>\n\t\t\t\t\t\t\t\t<div class=\"elementor-field-type-select elementor-field-group elementor-column elementor-field-group-field_f487e57 elementor-col-50 elementor-field-required\">\n\t\t\t\t\t\t\t\t\t\t\t\t<label for=\"form-field-field_f487e57\" class=\"elementor-field-label\">\n\t\t\t\t\t\t\t\tHor\u00e1rio pretendido<br> <p style=\"font-size:12px;\"> (Segunda a Sexta-feira 9:30H - 19:30H \/ S\u00e1bado 9:30H - 13:00H)<\/p>\t\t\t\t\t\t\t<\/label>\n\t\t\t\t\t\t\t\t<div class=\"elementor-field elementor-select-wrapper remove-before \">\n\t\t\t<div class=\"select-caret-down-wrapper\">\n\t\t\t\t<i aria-hidden=\"true\" class=\"eicon-caret-down\"><\/i>\t\t\t<\/div>\n\t\t\t<select name=\"form_fields[field_f487e57]\" id=\"form-field-field_f487e57\" class=\"elementor-field-textual elementor-size-md\" required=\"required\" aria-required=\"true\">\n\t\t\t\t\t\t\t\t\t<option value=\"9:30H- 10:30H\">9:30H- 10:30H<\/option>\n\t\t\t\t\t\t\t\t\t<option value=\"10:30H - 11:30H\">10:30H - 11:30H<\/option>\n\t\t\t\t\t\t\t\t\t<option value=\"11:30H - 13:00H\">11:30H - 13:00H<\/option>\n\t\t\t\t\t\t\t\t\t<option value=\"14:00H - 15:00H\">14:00H - 15:00H<\/option>\n\t\t\t\t\t\t\t\t\t<option value=\"15:00H - 16:00H\">15:00H - 16:00H<\/option>\n\t\t\t\t\t\t\t\t\t<option value=\"16:00H - 17:00H\">16:00H - 17:00H<\/option>\n\t\t\t\t\t\t\t\t\t<option value=\"18:00H - 19:30H\">18:00H - 19:30H<\/option>\n\t\t\t\t\t\t\t<\/select>\n\t\t<\/div>\n\t\t\t\t\t\t<\/div>\n\t\t\t\t\t\t\t\t<div class=\"elementor-field-type-textarea elementor-field-group elementor-column elementor-field-group-message elementor-col-100\">\n\t\t\t\t\t\t\t\t\t\t\t\t<label for=\"form-field-message\" class=\"elementor-field-label\">\n\t\t\t\t\t\t\t\tObserva\u00e7\u00f5es\t\t\t\t\t\t\t<\/label>\n\t\t\t\t\t\t<textarea class=\"elementor-field-textual elementor-field  elementor-size-md\" name=\"form_fields[message]\" id=\"form-field-message\" rows=\"4\" placeholder=\"Observa\u00e7\u00f5es\"><\/textarea>\t\t\t\t<\/div>\n\t\t\t\t\t\t\t\t<div class=\"elementor-field-type-acceptance elementor-field-group elementor-column elementor-field-group-field_8fbaa39 elementor-col-100 elementor-field-required\">\n\t\t\t\t\t\t\t<div class=\"elementor-field-subgroup\">\n\t\t\t<span class=\"elementor-field-option\">\n\t\t\t\t<input type=\"checkbox\" name=\"form_fields[field_8fbaa39]\" id=\"form-field-field_8fbaa39\" class=\"elementor-field elementor-size-md  elementor-acceptance-field\" required=\"required\" aria-required=\"true\">\n\t\t\t\t<label for=\"form-field-field_8fbaa39\"> Li e Aceito a \n<a style=\"color:#C59A14;\" href=https:\/\/croe.pt\/index.php\/politica-de-privacidade\/\">Pol\u00edtica de Privacidade<\/a>\n<\/label>\t\t\t<\/span>\n\t\t<\/div>\n\t\t\t\t\t\t<\/div>\n\t\t\t\t\t\t\t\t<div class=\"elementor-field-group elementor-column elementor-field-type-submit elementor-col-100 e-form__buttons\">\n\t\t\t\t\t<button type=\"submit\" class=\"elementor-button elementor-size-sm\">\n\t\t\t\t\t\t<span >\n\t\t\t\t\t\t\t\t\t\t\t\t\t\t\t<span class=\" elementor-button-icon\">\n\t\t\t\t\t\t\t\t\t\t\t\t\t\t\t\t\t\t\t\t\t\t\t\t\t\t<\/span>\n\t\t\t\t\t\t\t\t\t\t\t\t\t\t\t\t\t\t\t\t\t\t<span class=\"elementor-button-text\">ENVIAR<\/span>\n\t\t\t\t\t\t\t\t\t\t\t\t\t<\/span>\n\t\t\t\t\t<\/button>\n\t\t\t\t<\/div>\n\t\t\t<\/div>\n\t\t<\/form>\n\t\t\t\t\t\t<\/div>\n\t\t\t\t<\/div>\n\t\t\t\t<\/div>\n\t\t\t\t<\/div>\n\t\t\t\t<\/div>\n\t\t","protected":false},"excerpt":{"rendered":"<p>tratamento dent\u00e1rio infantil O tratamento dent\u00e1rio infantil \u00e9 uma especialidade dent\u00e1ria que se dedica ao cuidado oral de beb\u00e9s, crian\u00e7as e adolescentes.Essa \u00e1rea tem como objetivo fornecer cuidados dent\u00e1rios especializados e adaptados \u00e0s necessidades espec\u00edficas das crian\u00e7as, promovendo a sa\u00fade oral desde a inf\u00e2ncia at\u00e9 a adolesc\u00eancia. O tratamento dent\u00e1rio infantil abrange uma variedade de [&hellip;]<\/p>\n","protected":false},"author":1,"featured_media":0,"parent":0,"menu_order":0,"comment_status":"closed","ping_status":"closed","template":"","meta":{"footnotes":""},"class_list":["post-2298","page","type-page","status-publish","hentry"],"_links":{"self":[{"href":"https:\/\/croe.pt\/index.php\/wp-json\/wp\/v2\/pages\/2298","targetHints":{"allow":["GET"]}}],"collection":[{"href":"https:\/\/croe.pt\/index.php\/wp-json\/wp\/v2\/pages"}],"about":[{"href":"https:\/\/croe.pt\/index.php\/wp-json\/wp\/v2\/types\/page"}],"author":[{"embeddable":true,"href":"https:\/\/croe.pt\/index.php\/wp-json\/wp\/v2\/users\/1"}],"replies":[{"embeddable":true,"href":"https:\/\/croe.pt\/index.php\/wp-json\/wp\/v2\/comments?post=2298"}],"version-history":[{"count":19,"href":"https:\/\/croe.pt\/index.php\/wp-json\/wp\/v2\/pages\/2298\/revisions"}],"predecessor-version":[{"id":2717,"href":"https:\/\/croe.pt\/index.php\/wp-json\/wp\/v2\/pages\/2298\/revisions\/2717"}],"wp:attachment":[{"href":"https:\/\/croe.pt\/index.php\/wp-json\/wp\/v2\/media?parent=2298"}],"curies":[{"name":"wp","href":"https:\/\/api.w.org\/{rel}","templated":true}]}}