{"id":192,"date":"2023-06-21T14:48:26","date_gmt":"2023-06-21T17:48:26","guid":{"rendered":"https:\/\/croe.pt\/?page_id=192"},"modified":"2023-10-27T18:51:42","modified_gmt":"2023-10-27T17:51:42","slug":"servicos","status":"publish","type":"page","link":"https:\/\/croe.pt\/index.php\/servicos\/","title":{"rendered":"Servi\u00e7os"},"content":{"rendered":"\t\t<div data-elementor-type=\"wp-page\" data-elementor-id=\"192\" class=\"elementor elementor-192\" data-elementor-post-type=\"page\">\n\t\t\t\t<div class=\"elementor-element elementor-element-11f92ba e-flex e-con-boxed e-con e-parent\" data-id=\"11f92ba\" data-element_type=\"container\">\n\t\t\t\t\t<div class=\"e-con-inner\">\n\t\t<div class=\"elementor-element elementor-element-bd64e9d e-con-full hover-zoom e-flex elementor-invisible e-con e-child\" data-id=\"bd64e9d\" data-element_type=\"container\" data-settings=\"{&quot;animation&quot;:&quot;fadeIn&quot;}\">\n\t\t\t\t<div class=\"elementor-element elementor-element-120b332 elementor-widget elementor-widget-image\" data-id=\"120b332\" data-element_type=\"widget\" data-widget_type=\"image.default\">\n\t\t\t\t<div class=\"elementor-widget-container\">\n\t\t\t\t\t\t\t\t\t\t\t\t\t\t\t\t<a href=\"https:\/\/croe.pt\/index.php\/clinica-geral\/\">\n\t\t\t\t\t\t\t<img fetchpriority=\"high\" decoding=\"async\" width=\"800\" height=\"534\" src=\"https:\/\/croe.pt\/wp-content\/uploads\/2023\/06\/quang-tri-nguyen-VckdJzo7ig0-unsplash-1024x683.jpg\" class=\"attachment-large size-large wp-image-1223\" alt=\"\" srcset=\"https:\/\/croe.pt\/wp-content\/uploads\/2023\/06\/quang-tri-nguyen-VckdJzo7ig0-unsplash-1024x683.jpg 1024w, https:\/\/croe.pt\/wp-content\/uploads\/2023\/06\/quang-tri-nguyen-VckdJzo7ig0-unsplash-300x200.jpg 300w, https:\/\/croe.pt\/wp-content\/uploads\/2023\/06\/quang-tri-nguyen-VckdJzo7ig0-unsplash-768x512.jpg 768w, https:\/\/croe.pt\/wp-content\/uploads\/2023\/06\/quang-tri-nguyen-VckdJzo7ig0-unsplash-1536x1024.jpg 1536w, https:\/\/croe.pt\/wp-content\/uploads\/2023\/06\/quang-tri-nguyen-VckdJzo7ig0-unsplash-2048x1365.jpg 2048w\" sizes=\"(max-width: 800px) 100vw, 800px\" \/>\t\t\t\t\t\t\t\t<\/a>\n\t\t\t\t\t\t\t\t\t\t\t\t\t\t\t<\/div>\n\t\t\t\t<\/div>\n\t\t\t\t<div class=\"elementor-element elementor-element-4af8a2e elementor-widget elementor-widget-heading\" data-id=\"4af8a2e\" data-element_type=\"widget\" data-widget_type=\"heading.default\">\n\t\t\t\t<div class=\"elementor-widget-container\">\n\t\t\t\t\t<h2 class=\"elementor-heading-title elementor-size-default\"><a href=\"https:\/\/croe.pt\/index.php\/implantologia\/\">CL\u00cdNICA GERAL<\/a><\/h2>\t\t\t\t<\/div>\n\t\t\t\t<\/div>\n\t\t\t\t<div class=\"elementor-element elementor-element-2c7ec0e elementor-widget elementor-widget-heading\" data-id=\"2c7ec0e\" data-element_type=\"widget\" data-widget_type=\"heading.default\">\n\t\t\t\t<div class=\"elementor-widget-container\">\n\t\t\t\t\t<p class=\"elementor-heading-title elementor-size-default\"><a href=\"https:\/\/croe.pt\/index.php\/clinica-geral\/\">O tratamento dent\u00e1rio refere-se \u00e0 \u00e1rea da sa\u00fade bucal que abrange o cuidado e tratamento dos problemas dent\u00e1rios e bucais de forma abrangente.<\/a><\/p>\t\t\t\t<\/div>\n\t\t\t\t<\/div>\n\t\t\t\t<\/div>\n\t\t<div class=\"elementor-element elementor-element-3db8658 e-con-full hover-zoom e-flex elementor-invisible e-con e-child\" data-id=\"3db8658\" data-element_type=\"container\" data-settings=\"{&quot;animation&quot;:&quot;fadeIn&quot;}\">\n\t\t\t\t<div class=\"elementor-element elementor-element-b6264b5 elementor-widget elementor-widget-image\" data-id=\"b6264b5\" data-element_type=\"widget\" data-widget_type=\"image.default\">\n\t\t\t\t<div class=\"elementor-widget-container\">\n\t\t\t\t\t\t\t\t\t\t\t\t\t\t\t\t<a href=\"https:\/\/croe.pt\/index.php\/terapia-da-fala\/\">\n\t\t\t\t\t\t\t<img decoding=\"async\" src=\"https:\/\/croe.pt\/wp-content\/uploads\/2023\/06\/cirurgiao-plastico-desenhando-linhas-tracejadas-no-rosto-do-paciente-scaled-e1687806687818.jpg\" title=\"Plastic surgeon drawing dashed lines on her patient&#8217;s face.\" alt=\"Portrait of plastic surgeon drawing dashed lines on her patient&#039;s face.\" loading=\"lazy\" \/>\t\t\t\t\t\t\t\t<\/a>\n\t\t\t\t\t\t\t\t\t\t\t\t\t\t\t<\/div>\n\t\t\t\t<\/div>\n\t\t\t\t<div class=\"elementor-element elementor-element-7bfca9e elementor-widget elementor-widget-heading\" data-id=\"7bfca9e\" data-element_type=\"widget\" data-widget_type=\"heading.default\">\n\t\t\t\t<div class=\"elementor-widget-container\">\n\t\t\t\t\t<h2 class=\"elementor-heading-title elementor-size-default\"><a href=\"https:\/\/croe.pt\/index.php\/terapia-da-fala\/\">TERAPIA DA FALA<\/a><\/h2>\t\t\t\t<\/div>\n\t\t\t\t<\/div>\n\t\t\t\t<div class=\"elementor-element elementor-element-7756797 elementor-widget elementor-widget-heading\" data-id=\"7756797\" data-element_type=\"widget\" data-widget_type=\"heading.default\">\n\t\t\t\t<div class=\"elementor-widget-container\">\n\t\t\t\t\t<p class=\"elementor-heading-title elementor-size-default\"><a href=\"https:\/\/croe.pt\/index.php\/terapia-da-fala\/\">A terapia da fala, \u00e9 uma \u00e1rea da sa\u00fade que se dedica ao estudo, diagn\u00f3stico, preven\u00e7\u00e3o e tratamento relacionados \u00e0 voz, fala, linguagem e degluti\u00e7\u00e3o.<\/a><\/p>\t\t\t\t<\/div>\n\t\t\t\t<\/div>\n\t\t\t\t<\/div>\n\t\t<div class=\"elementor-element elementor-element-cf32aca e-con-full hover-zoom e-flex elementor-invisible e-con e-child\" data-id=\"cf32aca\" data-element_type=\"container\" data-settings=\"{&quot;animation&quot;:&quot;fadeIn&quot;}\">\n\t\t\t\t<div class=\"elementor-element elementor-element-4980050 elementor-widget elementor-widget-image\" data-id=\"4980050\" data-element_type=\"widget\" data-widget_type=\"image.default\">\n\t\t\t\t<div class=\"elementor-widget-container\">\n\t\t\t\t\t\t\t\t\t\t\t\t\t\t\t\t<a href=\"https:\/\/croe.pt\/index.php\/nutricao\/\">\n\t\t\t\t\t\t\t<img decoding=\"async\" width=\"800\" height=\"534\" src=\"https:\/\/croe.pt\/wp-content\/uploads\/2023\/06\/retrato-de-um-feliz-menina-sorridente-em-roupa-interior-segurando-1024x683.jpg\" class=\"attachment-large size-large wp-image-1253\" alt=\"\" srcset=\"https:\/\/croe.pt\/wp-content\/uploads\/2023\/06\/retrato-de-um-feliz-menina-sorridente-em-roupa-interior-segurando-1024x683.jpg 1024w, https:\/\/croe.pt\/wp-content\/uploads\/2023\/06\/retrato-de-um-feliz-menina-sorridente-em-roupa-interior-segurando-300x200.jpg 300w, https:\/\/croe.pt\/wp-content\/uploads\/2023\/06\/retrato-de-um-feliz-menina-sorridente-em-roupa-interior-segurando-768x512.jpg 768w, https:\/\/croe.pt\/wp-content\/uploads\/2023\/06\/retrato-de-um-feliz-menina-sorridente-em-roupa-interior-segurando-1536x1024.jpg 1536w, https:\/\/croe.pt\/wp-content\/uploads\/2023\/06\/retrato-de-um-feliz-menina-sorridente-em-roupa-interior-segurando-2048x1365.jpg 2048w\" sizes=\"(max-width: 800px) 100vw, 800px\" \/>\t\t\t\t\t\t\t\t<\/a>\n\t\t\t\t\t\t\t\t\t\t\t\t\t\t\t<\/div>\n\t\t\t\t<\/div>\n\t\t\t\t<div class=\"elementor-element elementor-element-5b9ebdb elementor-widget elementor-widget-heading\" data-id=\"5b9ebdb\" data-element_type=\"widget\" data-widget_type=\"heading.default\">\n\t\t\t\t<div class=\"elementor-widget-container\">\n\t\t\t\t\t<h2 class=\"elementor-heading-title elementor-size-default\"><a href=\"https:\/\/croe.pt\/index.php\/nutricao\/\">NUTRI\u00c7\u00c3O<\/a><\/h2>\t\t\t\t<\/div>\n\t\t\t\t<\/div>\n\t\t\t\t<div class=\"elementor-element elementor-element-dff07d8 elementor-widget elementor-widget-heading\" data-id=\"dff07d8\" data-element_type=\"widget\" data-widget_type=\"heading.default\">\n\t\t\t\t<div class=\"elementor-widget-container\">\n\t\t\t\t\t<p class=\"elementor-heading-title elementor-size-default\"><a href=\"https:\/\/croe.pt\/index.php\/nutricao\/\">A nutri\u00e7\u00e3o tem como objetivo principal promover a sa\u00fade e o bem-estar por meio de uma alimenta\u00e7\u00e3o adequada.<\/a><\/p>\t\t\t\t<\/div>\n\t\t\t\t<\/div>\n\t\t\t\t<\/div>\n\t\t<div class=\"elementor-element elementor-element-2e1c406 e-con-full hover-zoom e-flex elementor-invisible e-con e-child\" data-id=\"2e1c406\" data-element_type=\"container\" data-settings=\"{&quot;animation&quot;:&quot;fadeIn&quot;}\">\n\t\t\t\t<div class=\"elementor-element elementor-element-a862a43 elementor-widget elementor-widget-image\" data-id=\"a862a43\" data-element_type=\"widget\" data-widget_type=\"image.default\">\n\t\t\t\t<div class=\"elementor-widget-container\">\n\t\t\t\t\t\t\t\t\t\t\t\t\t\t\t\t<a href=\"https:\/\/croe.pt\/index.php\/psicologia\/\">\n\t\t\t\t\t\t\t<img decoding=\"async\" width=\"800\" height=\"534\" src=\"https:\/\/croe.pt\/wp-content\/uploads\/2023\/06\/psicologo-masculino-tomando-notas-na-sessao-de-terapia-de-casal-para-ajudar-com-problemas-de-relacio-1024x683.png\" class=\"attachment-large size-large wp-image-1265\" alt=\"\" srcset=\"https:\/\/croe.pt\/wp-content\/uploads\/2023\/06\/psicologo-masculino-tomando-notas-na-sessao-de-terapia-de-casal-para-ajudar-com-problemas-de-relacio-1024x683.png 1024w, https:\/\/croe.pt\/wp-content\/uploads\/2023\/06\/psicologo-masculino-tomando-notas-na-sessao-de-terapia-de-casal-para-ajudar-com-problemas-de-relacio-300x200.png 300w, https:\/\/croe.pt\/wp-content\/uploads\/2023\/06\/psicologo-masculino-tomando-notas-na-sessao-de-terapia-de-casal-para-ajudar-com-problemas-de-relacio-768x512.png 768w, https:\/\/croe.pt\/wp-content\/uploads\/2023\/06\/psicologo-masculino-tomando-notas-na-sessao-de-terapia-de-casal-para-ajudar-com-problemas-de-relacio-1536x1024.png 1536w, https:\/\/croe.pt\/wp-content\/uploads\/2023\/06\/psicologo-masculino-tomando-notas-na-sessao-de-terapia-de-casal-para-ajudar-com-problemas-de-relacio-2048x1365.png 2048w\" sizes=\"(max-width: 800px) 100vw, 800px\" \/>\t\t\t\t\t\t\t\t<\/a>\n\t\t\t\t\t\t\t\t\t\t\t\t\t\t\t<\/div>\n\t\t\t\t<\/div>\n\t\t\t\t<div class=\"elementor-element elementor-element-9f7b8c3 elementor-widget elementor-widget-heading\" data-id=\"9f7b8c3\" data-element_type=\"widget\" data-widget_type=\"heading.default\">\n\t\t\t\t<div class=\"elementor-widget-container\">\n\t\t\t\t\t<h2 class=\"elementor-heading-title elementor-size-default\"><a href=\"https:\/\/croe.pt\/index.php\/psicologia\/\">PSICOLOGIA<\/a><\/h2>\t\t\t\t<\/div>\n\t\t\t\t<\/div>\n\t\t\t\t<div class=\"elementor-element elementor-element-f59c7b8 elementor-widget elementor-widget-heading\" data-id=\"f59c7b8\" data-element_type=\"widget\" data-widget_type=\"heading.default\">\n\t\t\t\t<div class=\"elementor-widget-container\">\n\t\t\t\t\t<p class=\"elementor-heading-title elementor-size-default\"><a href=\"https:\/\/croe.pt\/index.php\/psicologia\/\">A psicologia busca compreender e explicar como as pessoas pensam, sentem, percebem e se comportam. <\/a><\/p>\t\t\t\t<\/div>\n\t\t\t\t<\/div>\n\t\t\t\t<\/div>\n\t\t<div class=\"elementor-element elementor-element-8dbc2c9 e-con-full hover-zoom e-flex elementor-invisible e-con e-child\" data-id=\"8dbc2c9\" data-element_type=\"container\" data-settings=\"{&quot;animation&quot;:&quot;fadeIn&quot;}\">\n\t\t\t\t<div class=\"elementor-element elementor-element-75b5679 elementor-widget elementor-widget-image\" data-id=\"75b5679\" data-element_type=\"widget\" data-widget_type=\"image.default\">\n\t\t\t\t<div class=\"elementor-widget-container\">\n\t\t\t\t\t\t\t\t\t\t\t\t\t\t\t\t<a href=\"https:\/\/croe.pt\/index.php\/hipnoterapia\/\">\n\t\t\t\t\t\t\t<img decoding=\"async\" src=\"https:\/\/croe.pt\/wp-content\/uploads\/2023\/06\/linda-loira-recebendo-uma-massagem-scaled-e1687807264718.jpg\" title=\"Body care\" alt=\"Beauty. Woman in spa salon\" loading=\"lazy\" \/>\t\t\t\t\t\t\t\t<\/a>\n\t\t\t\t\t\t\t\t\t\t\t\t\t\t\t<\/div>\n\t\t\t\t<\/div>\n\t\t\t\t<div class=\"elementor-element elementor-element-2a67fda elementor-widget elementor-widget-heading\" data-id=\"2a67fda\" data-element_type=\"widget\" data-widget_type=\"heading.default\">\n\t\t\t\t<div class=\"elementor-widget-container\">\n\t\t\t\t\t<h2 class=\"elementor-heading-title elementor-size-default\"><a href=\"https:\/\/croe.pt\/index.php\/hipnoterapia\/\">HIPNOTERAPIA<\/a><\/h2>\t\t\t\t<\/div>\n\t\t\t\t<\/div>\n\t\t\t\t<div class=\"elementor-element elementor-element-7555f05 elementor-widget elementor-widget-heading\" data-id=\"7555f05\" data-element_type=\"widget\" data-widget_type=\"heading.default\">\n\t\t\t\t<div class=\"elementor-widget-container\">\n\t\t\t\t\t<p class=\"elementor-heading-title elementor-size-default\"><a href=\"https:\/\/croe.pt\/index.php\/hipnoterapia\/\">A hipnoterapia \u00e9 uma abordagem terap\u00eautica que utiliza a hipnose como ferramenta para ajudar no tratamento de diversos problemas emocionais<\/a><\/p>\t\t\t\t<\/div>\n\t\t\t\t<\/div>\n\t\t\t\t<\/div>\n\t\t\t\t\t<\/div>\n\t\t\t\t<\/div>\n\t\t\t\t<\/div>\n\t\t","protected":false},"excerpt":{"rendered":"<p>CL\u00cdNICA GERAL O tratamento dent\u00e1rio refere-se \u00e0 \u00e1rea da sa\u00fade bucal que abrange o cuidado e tratamento dos problemas dent\u00e1rios e bucais de forma abrangente. TERAPIA DA FALA A terapia da fala, \u00e9 uma \u00e1rea da sa\u00fade que se dedica ao estudo, diagn\u00f3stico, preven\u00e7\u00e3o e tratamento relacionados \u00e0 voz, fala, linguagem e degluti\u00e7\u00e3o. NUTRI\u00c7\u00c3O A [&hellip;]<\/p>\n","protected":false},"author":1,"featured_media":0,"parent":0,"menu_order":0,"comment_status":"closed","ping_status":"closed","template":"","meta":{"footnotes":""},"class_list":["post-192","page","type-page","status-publish","hentry"],"_links":{"self":[{"href":"https:\/\/croe.pt\/index.php\/wp-json\/wp\/v2\/pages\/192","targetHints":{"allow":["GET"]}}],"collection":[{"href":"https:\/\/croe.pt\/index.php\/wp-json\/wp\/v2\/pages"}],"about":[{"href":"https:\/\/croe.pt\/index.php\/wp-json\/wp\/v2\/types\/page"}],"author":[{"embeddable":true,"href":"https:\/\/croe.pt\/index.php\/wp-json\/wp\/v2\/users\/1"}],"replies":[{"embeddable":true,"href":"https:\/\/croe.pt\/index.php\/wp-json\/wp\/v2\/comments?post=192"}],"version-history":[{"count":25,"href":"https:\/\/croe.pt\/index.php\/wp-json\/wp\/v2\/pages\/192\/revisions"}],"predecessor-version":[{"id":2142,"href":"https:\/\/croe.pt\/index.php\/wp-json\/wp\/v2\/pages\/192\/revisions\/2142"}],"wp:attachment":[{"href":"https:\/\/croe.pt\/index.php\/wp-json\/wp\/v2\/media?parent=192"}],"curies":[{"name":"wp","href":"https:\/\/api.w.org\/{rel}","templated":true}]}}