{"id":151,"date":"2023-06-21T14:31:44","date_gmt":"2023-06-21T17:31:44","guid":{"rendered":"https:\/\/croe.pt\/?page_id=151"},"modified":"2024-05-29T14:43:10","modified_gmt":"2024-05-29T13:43:10","slug":"periodontologia","status":"publish","type":"page","link":"https:\/\/croe.pt\/index.php\/periodontologia\/","title":{"rendered":"Periodontologia"},"content":{"rendered":"\t\t<div data-elementor-type=\"wp-page\" data-elementor-id=\"151\" class=\"elementor elementor-151\" data-elementor-post-type=\"page\">\n\t\t\t\t<div class=\"elementor-element elementor-element-44db060 e-con-full animated-slow e-flex elementor-invisible e-con e-parent\" data-id=\"44db060\" data-element_type=\"container\" data-settings=\"{&quot;background_background&quot;:&quot;classic&quot;,&quot;animation&quot;:&quot;fadeIn&quot;}\">\n\t\t\t\t<\/div>\n\t\t<div class=\"elementor-element elementor-element-1a68d83 e-flex e-con-boxed e-con e-parent\" data-id=\"1a68d83\" data-element_type=\"container\">\n\t\t\t\t\t<div class=\"e-con-inner\">\n\t\t\t\t<div class=\"elementor-element elementor-element-3e6c840 elementor-widget__width-initial elementor-widget-mobile__width-inherit elementor-invisible elementor-widget elementor-widget-heading\" data-id=\"3e6c840\" data-element_type=\"widget\" data-settings=\"{&quot;_animation_mobile&quot;:&quot;fadeIn&quot;,&quot;_animation&quot;:&quot;fadeInLeft&quot;}\" data-widget_type=\"heading.default\">\n\t\t\t\t<div class=\"elementor-widget-container\">\n\t\t\t\t\t<h2 class=\"elementor-heading-title elementor-size-default\">PERIODONTOLOGIA<\/h2>\t\t\t\t<\/div>\n\t\t\t\t<\/div>\n\t\t\t\t<div class=\"elementor-element elementor-element-dc20a3f elementor-widget-divider--view-line elementor-widget elementor-widget-divider\" data-id=\"dc20a3f\" data-element_type=\"widget\" data-widget_type=\"divider.default\">\n\t\t\t\t<div class=\"elementor-widget-container\">\n\t\t\t\t\t\t\t<div class=\"elementor-divider\">\n\t\t\t<span class=\"elementor-divider-separator\">\n\t\t\t\t\t\t<\/span>\n\t\t<\/div>\n\t\t\t\t\t\t<\/div>\n\t\t\t\t<\/div>\n\t\t\t\t\t<\/div>\n\t\t\t\t<\/div>\n\t\t<div class=\"elementor-element elementor-element-b4e7b39 e-flex e-con-boxed e-con e-parent\" data-id=\"b4e7b39\" data-element_type=\"container\">\n\t\t\t\t\t<div class=\"e-con-inner\">\n\t\t\t\t<div class=\"elementor-element elementor-element-49db446 elementor-invisible elementor-widget elementor-widget-text-editor\" data-id=\"49db446\" data-element_type=\"widget\" data-settings=\"{&quot;_animation_mobile&quot;:&quot;fadeIn&quot;,&quot;_animation&quot;:&quot;fadeInLeft&quot;}\" data-widget_type=\"text-editor.default\">\n\t\t\t\t<div class=\"elementor-widget-container\">\n\t\t\t\t\t\t\t\t\t<p>A periodontologia \u00e9 uma especialidade da medicina dent\u00e1ria que se dedica ao estudo, diagn\u00f3stico e tratamento das doen\u00e7as que afetam os tecidos de suporte dos dentes, nomeadamente as gengivas, o osso alveolar e o ligamento periodontal. Essa \u00e1rea visa manter a sa\u00fade dos tecidos periodontais e prevenir, diagnosticar e tratar condi\u00e7\u00f5es como a gengivite e a periodontite.<\/p><p>Al\u00e9m do tratamento das doen\u00e7as periodontais, a periodontologia tamb\u00e9m desempenha um papel importante na reabilita\u00e7\u00e3o oral, especialmente quando h\u00e1 a necessidade de coloca\u00e7\u00e3o de implantes dent\u00e1rios. \u00c9 responsabilidade do periodontista avaliar a sa\u00fade dos tecidos periodontais antes do procedimento de implanta\u00e7\u00e3o e garantir uma boa condi\u00e7\u00e3o periodontal para o sucesso a longo prazo dos implantes.<\/p>\t\t\t\t\t\t\t\t<\/div>\n\t\t\t\t<\/div>\n\t\t\t\t\t<\/div>\n\t\t\t\t<\/div>\n\t\t<div class=\"elementor-element elementor-element-a8981c0 e-con-full e-flex e-con e-parent\" data-id=\"a8981c0\" data-element_type=\"container\" data-settings=\"{&quot;background_background&quot;:&quot;classic&quot;}\">\n\t\t\t\t<div class=\"elementor-element elementor-element-01d193a elementor-widget__width-initial elementor-widget-mobile__width-inherit elementor-invisible elementor-widget elementor-widget-heading\" data-id=\"01d193a\" data-element_type=\"widget\" data-settings=\"{&quot;_animation_mobile&quot;:&quot;fadeInUp&quot;,&quot;_animation&quot;:&quot;fadeInUp&quot;}\" data-widget_type=\"heading.default\">\n\t\t\t\t<div class=\"elementor-widget-container\">\n\t\t\t\t\t<h2 class=\"elementor-heading-title elementor-size-default\">Agende a sua consulta agora!<\/h2>\t\t\t\t<\/div>\n\t\t\t\t<\/div>\n\t\t\t\t<div class=\"elementor-element elementor-element-51bdd3f elementor-align-right elementor-mobile-align-center elementor-widget__width-initial elementor-invisible elementor-widget elementor-widget-button\" data-id=\"51bdd3f\" data-element_type=\"widget\" data-settings=\"{&quot;_animation_mobile&quot;:&quot;fadeInUp&quot;,&quot;_animation&quot;:&quot;fadeInUp&quot;}\" data-widget_type=\"button.default\">\n\t\t\t\t<div class=\"elementor-widget-container\">\n\t\t\t\t\t\t\t\t\t<div class=\"elementor-button-wrapper\">\n\t\t\t\t\t<a class=\"elementor-button elementor-button-link elementor-size-sm\" href=\"https:\/\/wa.me\/351916644743?text=Ol%C3%A1%2C+vi+o+seu+site+na+internet+e+gostaria+de+marcar+uma+consulta%21\" target=\"_blank\">\n\t\t\t\t\t\t<span class=\"elementor-button-content-wrapper\">\n\t\t\t\t\t\t\t\t\t<span class=\"elementor-button-text\">Marcar consulta<\/span>\n\t\t\t\t\t<\/span>\n\t\t\t\t\t<\/a>\n\t\t\t\t<\/div>\n\t\t\t\t\t\t\t\t<\/div>\n\t\t\t\t<\/div>\n\t\t\t\t<\/div>\n\t\t<div class=\"elementor-element elementor-element-2705e1f e-flex e-con-boxed e-con e-parent\" data-id=\"2705e1f\" data-element_type=\"container\">\n\t\t\t\t\t<div class=\"e-con-inner\">\n\t\t\t\t<div class=\"elementor-element elementor-element-d8edc43 elementor-widget elementor-widget-shortcode\" data-id=\"d8edc43\" data-element_type=\"widget\" data-widget_type=\"shortcode.default\">\n\t\t\t\t<div class=\"elementor-widget-container\">\n\t\t\t\t\t\t\t<div class=\"elementor-shortcode\">\t\t<div data-elementor-type=\"section\" data-elementor-id=\"437\" class=\"elementor elementor-437\" data-elementor-post-type=\"elementor_library\">\n\t\t\t<div class=\"elementor-element elementor-element-f47ab89 e-flex e-con-boxed e-con e-parent\" data-id=\"f47ab89\" data-element_type=\"container\">\n\t\t\t\t\t<div class=\"e-con-inner\">\n\t\t\t\t<div class=\"elementor-element elementor-element-095e60f elementor-widget elementor-widget-heading\" data-id=\"095e60f\" data-element_type=\"widget\" data-widget_type=\"heading.default\">\n\t\t\t\t<div class=\"elementor-widget-container\">\n\t\t\t\t\t<h3 class=\"elementor-heading-title elementor-size-default\">casos cl\u00ednicos\n<\/h3>\t\t\t\t<\/div>\n\t\t\t\t<\/div>\n\t\t\t\t\t<\/div>\n\t\t\t\t<\/div>\n\t\t<div class=\"elementor-element elementor-element-a1286fe e-flex e-con-boxed e-con e-parent\" data-id=\"a1286fe\" data-element_type=\"container\">\n\t\t\t\t\t<div class=\"e-con-inner\">\n\t\t\t\t<div class=\"elementor-element elementor-element-f009e32 elementor-arrows-position-outside elementor-widget__width-inherit elementor-widget elementor-widget-image-carousel\" data-id=\"f009e32\" data-element_type=\"widget\" data-settings=\"{&quot;slides_to_show&quot;:&quot;4&quot;,&quot;image_spacing_custom&quot;:{&quot;unit&quot;:&quot;px&quot;,&quot;size&quot;:6,&quot;sizes&quot;:[]},&quot;slides_to_show_widescreen&quot;:&quot;4&quot;,&quot;slides_to_show_laptop&quot;:&quot;4&quot;,&quot;slides_to_show_tablet_extra&quot;:&quot;4&quot;,&quot;slides_to_show_tablet&quot;:&quot;3&quot;,&quot;slides_to_show_mobile&quot;:&quot;2&quot;,&quot;slides_to_scroll&quot;:&quot;1&quot;,&quot;navigation&quot;:&quot;arrows&quot;,&quot;autoplay&quot;:&quot;yes&quot;,&quot;pause_on_hover&quot;:&quot;yes&quot;,&quot;pause_on_interaction&quot;:&quot;yes&quot;,&quot;autoplay_speed&quot;:5000,&quot;infinite&quot;:&quot;yes&quot;,&quot;speed&quot;:500,&quot;image_spacing_custom_widescreen&quot;:{&quot;unit&quot;:&quot;px&quot;,&quot;size&quot;:&quot;&quot;,&quot;sizes&quot;:[]},&quot;image_spacing_custom_laptop&quot;:{&quot;unit&quot;:&quot;px&quot;,&quot;size&quot;:&quot;&quot;,&quot;sizes&quot;:[]},&quot;image_spacing_custom_tablet_extra&quot;:{&quot;unit&quot;:&quot;px&quot;,&quot;size&quot;:&quot;&quot;,&quot;sizes&quot;:[]},&quot;image_spacing_custom_tablet&quot;:{&quot;unit&quot;:&quot;px&quot;,&quot;size&quot;:&quot;&quot;,&quot;sizes&quot;:[]},&quot;image_spacing_custom_mobile_extra&quot;:{&quot;unit&quot;:&quot;px&quot;,&quot;size&quot;:&quot;&quot;,&quot;sizes&quot;:[]},&quot;image_spacing_custom_mobile&quot;:{&quot;unit&quot;:&quot;px&quot;,&quot;size&quot;:&quot;&quot;,&quot;sizes&quot;:[]}}\" data-widget_type=\"image-carousel.default\">\n\t\t\t\t<div class=\"elementor-widget-container\">\n\t\t\t\t\t\t\t<div class=\"elementor-image-carousel-wrapper swiper\" role=\"region\" aria-roledescription=\"carousel\" aria-label=\"Carrossel de imagens\" dir=\"ltr\">\n\t\t\t<div class=\"elementor-image-carousel swiper-wrapper\" aria-live=\"off\">\n\t\t\t\t\t\t\t\t<div class=\"swiper-slide\" role=\"group\" aria-roledescription=\"slide\" aria-label=\"1 de 6\"><a data-elementor-open-lightbox=\"yes\" data-elementor-lightbox-slideshow=\"f009e32\" data-elementor-lightbox-title=\"caso-implantes-14894-270x270\" data-e-action-hash=\"#elementor-action%3Aaction%3Dlightbox%26settings%3DeyJpZCI6MTYwOCwidXJsIjoiaHR0cHM6XC9cL2Nyb2UucHRcL3dwLWNvbnRlbnRcL3VwbG9hZHNcLzIwMjNcLzA2XC9jYXNvLWltcGxhbnRlcy0xNDg5NC0yNzB4MjcwLTEuanBnIiwic2xpZGVzaG93IjoiZjAwOWUzMiJ9\" href=\"https:\/\/croe.pt\/wp-content\/uploads\/2023\/06\/caso-implantes-14894-270x270-1.jpg\"><figure class=\"swiper-slide-inner\"><img decoding=\"async\" class=\"swiper-slide-image\" src=\"https:\/\/croe.pt\/wp-content\/uploads\/2023\/06\/caso-implantes-14894-270x270-1.jpg\" alt=\"caso-implantes-14894-270x270\" \/><\/figure><\/a><\/div><div class=\"swiper-slide\" role=\"group\" aria-roledescription=\"slide\" aria-label=\"2 de 6\"><a data-elementor-open-lightbox=\"yes\" data-elementor-lightbox-slideshow=\"f009e32\" data-elementor-lightbox-title=\"caso-implantes-25160-270x270\" data-e-action-hash=\"#elementor-action%3Aaction%3Dlightbox%26settings%3DeyJpZCI6MTYwOSwidXJsIjoiaHR0cHM6XC9cL2Nyb2UucHRcL3dwLWNvbnRlbnRcL3VwbG9hZHNcLzIwMjNcLzA2XC9jYXNvLWltcGxhbnRlcy0yNTE2MC0yNzB4MjcwLTEuanBnIiwic2xpZGVzaG93IjoiZjAwOWUzMiJ9\" href=\"https:\/\/croe.pt\/wp-content\/uploads\/2023\/06\/caso-implantes-25160-270x270-1.jpg\"><figure class=\"swiper-slide-inner\"><img decoding=\"async\" class=\"swiper-slide-image\" src=\"https:\/\/croe.pt\/wp-content\/uploads\/2023\/06\/caso-implantes-25160-270x270-1.jpg\" alt=\"caso-implantes-25160-270x270\" \/><\/figure><\/a><\/div><div class=\"swiper-slide\" role=\"group\" aria-roledescription=\"slide\" aria-label=\"3 de 6\"><a data-elementor-open-lightbox=\"yes\" data-elementor-lightbox-slideshow=\"f009e32\" data-elementor-lightbox-title=\"Sem t\u00edtulo-3\" data-e-action-hash=\"#elementor-action%3Aaction%3Dlightbox%26settings%3DeyJpZCI6MjAxNCwidXJsIjoiaHR0cHM6XC9cL2Nyb2UucHRcL3dwLWNvbnRlbnRcL3VwbG9hZHNcLzIwMjNcLzEwXC9TZW0tdGl0dWxvLTMuanBnIiwic2xpZGVzaG93IjoiZjAwOWUzMiJ9\" href=\"https:\/\/croe.pt\/wp-content\/uploads\/2023\/10\/Sem-titulo-3.jpg\"><figure class=\"swiper-slide-inner\"><img decoding=\"async\" class=\"swiper-slide-image\" src=\"https:\/\/croe.pt\/wp-content\/uploads\/2023\/10\/Sem-titulo-3-300x300.jpg\" alt=\"Sem t\u00edtulo-3\" \/><\/figure><\/a><\/div><div class=\"swiper-slide\" role=\"group\" aria-roledescription=\"slide\" aria-label=\"4 de 6\"><a data-elementor-open-lightbox=\"yes\" data-elementor-lightbox-slideshow=\"f009e32\" data-elementor-lightbox-title=\"caso-implantes-21096-270x270\" data-e-action-hash=\"#elementor-action%3Aaction%3Dlightbox%26settings%3DeyJpZCI6MTYxMCwidXJsIjoiaHR0cHM6XC9cL2Nyb2UucHRcL3dwLWNvbnRlbnRcL3VwbG9hZHNcLzIwMjNcLzA2XC9jYXNvLWltcGxhbnRlcy0yMTA5Ni0yNzB4MjcwLTEuanBnIiwic2xpZGVzaG93IjoiZjAwOWUzMiJ9\" href=\"https:\/\/croe.pt\/wp-content\/uploads\/2023\/06\/caso-implantes-21096-270x270-1.jpg\"><figure class=\"swiper-slide-inner\"><img decoding=\"async\" class=\"swiper-slide-image\" src=\"https:\/\/croe.pt\/wp-content\/uploads\/2023\/06\/caso-implantes-21096-270x270-1.jpg\" alt=\"caso-implantes-21096-270x270\" \/><\/figure><\/a><\/div><div class=\"swiper-slide\" role=\"group\" aria-roledescription=\"slide\" aria-label=\"5 de 6\"><a data-elementor-open-lightbox=\"yes\" data-elementor-lightbox-slideshow=\"f009e32\" data-elementor-lightbox-title=\"Sem t\u00edtulo-2\" data-e-action-hash=\"#elementor-action%3Aaction%3Dlightbox%26settings%3DeyJpZCI6MjAxMywidXJsIjoiaHR0cHM6XC9cL2Nyb2UucHRcL3dwLWNvbnRlbnRcL3VwbG9hZHNcLzIwMjNcLzEwXC9TZW0tdGl0dWxvLTIuanBnIiwic2xpZGVzaG93IjoiZjAwOWUzMiJ9\" href=\"https:\/\/croe.pt\/wp-content\/uploads\/2023\/10\/Sem-titulo-2.jpg\"><figure class=\"swiper-slide-inner\"><img decoding=\"async\" class=\"swiper-slide-image\" src=\"https:\/\/croe.pt\/wp-content\/uploads\/2023\/10\/Sem-titulo-2-300x300.jpg\" alt=\"Sem t\u00edtulo-2\" \/><\/figure><\/a><\/div><div class=\"swiper-slide\" role=\"group\" aria-roledescription=\"slide\" aria-label=\"6 de 6\"><a data-elementor-open-lightbox=\"yes\" data-elementor-lightbox-slideshow=\"f009e32\" data-elementor-lightbox-title=\"Sem t\u00edtulo-1\" data-e-action-hash=\"#elementor-action%3Aaction%3Dlightbox%26settings%3DeyJpZCI6MjAxMiwidXJsIjoiaHR0cHM6XC9cL2Nyb2UucHRcL3dwLWNvbnRlbnRcL3VwbG9hZHNcLzIwMjNcLzEwXC9TZW0tdGl0dWxvLTEuanBnIiwic2xpZGVzaG93IjoiZjAwOWUzMiJ9\" href=\"https:\/\/croe.pt\/wp-content\/uploads\/2023\/10\/Sem-titulo-1.jpg\"><figure class=\"swiper-slide-inner\"><img decoding=\"async\" class=\"swiper-slide-image\" src=\"https:\/\/croe.pt\/wp-content\/uploads\/2023\/10\/Sem-titulo-1-300x300.jpg\" alt=\"Sem t\u00edtulo-1\" \/><\/figure><\/a><\/div>\t\t\t<\/div>\n\t\t\t\t\t\t\t\t\t\t\t\t<div class=\"elementor-swiper-button elementor-swiper-button-prev\" role=\"button\" tabindex=\"0\">\n\t\t\t\t\t\t<i aria-hidden=\"true\" class=\"eicon-chevron-left\"><\/i>\t\t\t\t\t<\/div>\n\t\t\t\t\t<div class=\"elementor-swiper-button elementor-swiper-button-next\" role=\"button\" tabindex=\"0\">\n\t\t\t\t\t\t<i aria-hidden=\"true\" class=\"eicon-chevron-right\"><\/i>\t\t\t\t\t<\/div>\n\t\t\t\t\n\t\t\t\t\t\t\t\t\t<\/div>\n\t\t\t\t\t\t<\/div>\n\t\t\t\t<\/div>\n\t\t\t\t<div class=\"elementor-element elementor-element-c9008cb elementor-widget elementor-widget-spacer\" data-id=\"c9008cb\" data-element_type=\"widget\" data-widget_type=\"spacer.default\">\n\t\t\t\t<div class=\"elementor-widget-container\">\n\t\t\t\t\t\t\t<div class=\"elementor-spacer\">\n\t\t\t<div class=\"elementor-spacer-inner\"><\/div>\n\t\t<\/div>\n\t\t\t\t\t\t<\/div>\n\t\t\t\t<\/div>\n\t\t\t\t\t<\/div>\n\t\t\t\t<\/div>\n\t\t\t\t<\/div>\n\t\t<\/div>\n\t\t\t\t\t\t<\/div>\n\t\t\t\t<\/div>\n\t\t\t\t\t<\/div>\n\t\t\t\t<\/div>\n\t\t<div class=\"elementor-element elementor-element-6827df8 e-con-full e-flex e-con e-parent\" data-id=\"6827df8\" data-element_type=\"container\" data-settings=\"{&quot;background_background&quot;:&quot;classic&quot;}\">\n\t\t<div class=\"elementor-element elementor-element-f86aebc e-con-full animated-slow e-flex elementor-invisible e-con e-child\" data-id=\"f86aebc\" data-element_type=\"container\" data-settings=\"{&quot;background_background&quot;:&quot;classic&quot;,&quot;animation&quot;:&quot;fadeIn&quot;}\">\n\t\t\t\t<div class=\"elementor-element elementor-element-3ee03d5 elementor-widget-mobile__width-inherit elementor-widget elementor-widget-heading\" data-id=\"3ee03d5\" data-element_type=\"widget\" data-widget_type=\"heading.default\">\n\t\t\t\t<div class=\"elementor-widget-container\">\n\t\t\t\t\t<h2 class=\"elementor-heading-title elementor-size-default\">Marque a sua consulta agora!<\/h2>\t\t\t\t<\/div>\n\t\t\t\t<\/div>\n\t\t\t\t<div class=\"elementor-element elementor-element-98e726b elementor-widget-mobile__width-inherit elementor-widget elementor-widget-text-editor\" data-id=\"98e726b\" data-element_type=\"widget\" data-widget_type=\"text-editor.default\">\n\t\t\t\t<div class=\"elementor-widget-container\">\n\t\t\t\t\t\t\t\t\t<p>Ap\u00f3s efetuar o agendamento online, voc\u00ea receber\u00e1 um contato das nossas atendentes para verificar a disponibilidade de hor\u00e1rio ou realizar um reagendamento para uma outra data ou hora. Somente ap\u00f3s essa comunica\u00e7\u00e3o \u00e9 que a consulta ser\u00e1 oficialmente marcada.<\/p>\t\t\t\t\t\t\t\t<\/div>\n\t\t\t\t<\/div>\n\t\t\t\t<div class=\"elementor-element elementor-element-1b454f7 elementor-widget-mobile__width-inherit elementor-button-align-stretch elementor-widget elementor-widget-form\" data-id=\"1b454f7\" data-element_type=\"widget\" data-settings=\"{&quot;step_next_label&quot;:&quot;Next&quot;,&quot;step_previous_label&quot;:&quot;Previous&quot;,&quot;button_width&quot;:&quot;100&quot;,&quot;step_type&quot;:&quot;number_text&quot;,&quot;step_icon_shape&quot;:&quot;circle&quot;}\" data-widget_type=\"form.default\">\n\t\t\t\t<div class=\"elementor-widget-container\">\n\t\t\t\t\t\t\t<form class=\"elementor-form\" method=\"post\" name=\"New Form\">\n\t\t\t<input type=\"hidden\" name=\"post_id\" value=\"151\"\/>\n\t\t\t<input type=\"hidden\" name=\"form_id\" value=\"1b454f7\"\/>\n\t\t\t<input type=\"hidden\" name=\"referer_title\" value=\"\" \/>\n\n\t\t\t\n\t\t\t<div class=\"ele-extensions-hide-form elementor-form-fields-wrapper elementor-labels-above\">\n\t\t\t\t\t\t\t\t<div class=\"elementor-field-type-text elementor-field-group elementor-column elementor-field-group-nome elementor-col-100 elementor-field-required\">\n\t\t\t\t\t\t\t\t\t\t\t\t<label for=\"form-field-nome\" class=\"elementor-field-label\">\n\t\t\t\t\t\t\t\tNome completo\t\t\t\t\t\t\t<\/label>\n\t\t\t\t\t\t\t\t\t\t\t\t\t\t<input size=\"1\" type=\"text\" name=\"form_fields[nome]\" id=\"form-field-nome\" class=\"elementor-field elementor-size-md  elementor-field-textual\" placeholder=\"Nome\" required=\"required\" aria-required=\"true\">\n\t\t\t\t\t\t\t\t\t\t\t<\/div>\n\t\t\t\t\t\t\t\t<div class=\"elementor-field-type-text elementor-field-group elementor-column elementor-field-group-telemovel elementor-col-100 elementor-field-required\">\n\t\t\t\t\t\t\t\t\t\t\t\t<label for=\"form-field-telemovel\" class=\"elementor-field-label\">\n\t\t\t\t\t\t\t\tTelem\u00f3vel\t\t\t\t\t\t\t<\/label>\n\t\t\t\t\t\t\t\t\t\t\t\t\t\t<input size=\"1\" type=\"text\" name=\"form_fields[telemovel]\" id=\"form-field-telemovel\" class=\"elementor-field elementor-size-md  elementor-field-textual\" placeholder=\"Telem\u00f3vel\" required=\"required\" aria-required=\"true\">\n\t\t\t\t\t\t\t\t\t\t\t<\/div>\n\t\t\t\t\t\t\t\t<div class=\"elementor-field-type-email elementor-field-group elementor-column elementor-field-group-email elementor-col-100 elementor-field-required\">\n\t\t\t\t\t\t\t\t\t\t\t\t<label for=\"form-field-email\" class=\"elementor-field-label\">\n\t\t\t\t\t\t\t\tEmail\t\t\t\t\t\t\t<\/label>\n\t\t\t\t\t\t\t\t\t\t\t\t\t\t<input size=\"1\" type=\"email\" name=\"form_fields[email]\" id=\"form-field-email\" class=\"elementor-field elementor-size-md  elementor-field-textual\" placeholder=\"Email\" required=\"required\" aria-required=\"true\">\n\t\t\t\t\t\t\t\t\t\t\t<\/div>\n\t\t\t\t\t\t\t\t<div class=\"elementor-field-type-text elementor-field-group elementor-column elementor-field-group-field_756823f elementor-col-100 elementor-field-required\">\n\t\t\t\t\t\t\t\t\t\t\t\t<label for=\"form-field-field_756823f\" class=\"elementor-field-label\">\n\t\t\t\t\t\t\t\tMorada\t\t\t\t\t\t\t<\/label>\n\t\t\t\t\t\t\t\t\t\t\t\t\t\t<input size=\"1\" type=\"text\" name=\"form_fields[field_756823f]\" id=\"form-field-field_756823f\" class=\"elementor-field elementor-size-md  elementor-field-textual\" required=\"required\" aria-required=\"true\">\n\t\t\t\t\t\t\t\t\t\t\t<\/div>\n\t\t\t\t\t\t\t\t<div class=\"elementor-field-type-text elementor-field-group elementor-column elementor-field-group-field_d47784a elementor-col-50 elementor-field-required\">\n\t\t\t\t\t\t\t\t\t\t\t\t<label for=\"form-field-field_d47784a\" class=\"elementor-field-label\">\n\t\t\t\t\t\t\t\tLocalidade\t\t\t\t\t\t\t<\/label>\n\t\t\t\t\t\t\t\t\t\t\t\t\t\t<input size=\"1\" type=\"text\" name=\"form_fields[field_d47784a]\" id=\"form-field-field_d47784a\" class=\"elementor-field elementor-size-md  elementor-field-textual\" required=\"required\" aria-required=\"true\">\n\t\t\t\t\t\t\t\t\t\t\t<\/div>\n\t\t\t\t\t\t\t\t<div class=\"elementor-field-type-text elementor-field-group elementor-column elementor-field-group-field_fcdec42 elementor-col-50 elementor-field-required\">\n\t\t\t\t\t\t\t\t\t\t\t\t<label for=\"form-field-field_fcdec42\" class=\"elementor-field-label\">\n\t\t\t\t\t\t\t\tC\u00f3digo postal\t\t\t\t\t\t\t<\/label>\n\t\t\t\t\t\t\t\t\t\t\t\t\t\t<input size=\"1\" type=\"text\" name=\"form_fields[field_fcdec42]\" id=\"form-field-field_fcdec42\" class=\"elementor-field elementor-size-md  elementor-field-textual\" required=\"required\" aria-required=\"true\">\n\t\t\t\t\t\t\t\t\t\t\t<\/div>\n\t\t\t\t\t\t\t\t<div class=\"elementor-field-type-date elementor-field-group elementor-column elementor-field-group-field_b6f3c03 elementor-col-50 elementor-field-required\">\n\t\t\t\t\t\t\t\t\t\t\t\t<label for=\"form-field-field_b6f3c03\" class=\"elementor-field-label\">\n\t\t\t\t\t\t\t\tData pretendida\t\t\t\t\t\t\t<\/label>\n\t\t\t\t\t\t\n\t\t<input type=\"date\" name=\"form_fields[field_b6f3c03]\" id=\"form-field-field_b6f3c03\" class=\"elementor-field elementor-size-md  elementor-field-textual elementor-date-field\" required=\"required\" aria-required=\"true\" pattern=\"[0-9]{4}-[0-9]{2}-[0-9]{2}\">\n\t\t\t\t\t\t<\/div>\n\t\t\t\t\t\t\t\t<div class=\"elementor-field-type-select elementor-field-group elementor-column elementor-field-group-field_f487e57 elementor-col-50 elementor-field-required\">\n\t\t\t\t\t\t\t\t\t\t\t\t<label for=\"form-field-field_f487e57\" class=\"elementor-field-label\">\n\t\t\t\t\t\t\t\tHor\u00e1rio pretendido<br> <p style=\"font-size:12px;\"> (Segunda a Sexta-feira 9:30H - 19:30H \/ S\u00e1bado 9:30H - 13:00H)<\/p>\t\t\t\t\t\t\t<\/label>\n\t\t\t\t\t\t\t\t<div class=\"elementor-field elementor-select-wrapper remove-before \">\n\t\t\t<div class=\"select-caret-down-wrapper\">\n\t\t\t\t<i aria-hidden=\"true\" class=\"eicon-caret-down\"><\/i>\t\t\t<\/div>\n\t\t\t<select name=\"form_fields[field_f487e57]\" id=\"form-field-field_f487e57\" class=\"elementor-field-textual elementor-size-md\" required=\"required\" aria-required=\"true\">\n\t\t\t\t\t\t\t\t\t<option value=\"9:30H- 10:30H\">9:30H- 10:30H<\/option>\n\t\t\t\t\t\t\t\t\t<option value=\"10:30H - 11:30H\">10:30H - 11:30H<\/option>\n\t\t\t\t\t\t\t\t\t<option value=\"11:30H - 13:00H\">11:30H - 13:00H<\/option>\n\t\t\t\t\t\t\t\t\t<option value=\"14:00H - 15:00H\">14:00H - 15:00H<\/option>\n\t\t\t\t\t\t\t\t\t<option value=\"15:00H - 16:00H\">15:00H - 16:00H<\/option>\n\t\t\t\t\t\t\t\t\t<option value=\"16:00H - 17:00H\">16:00H - 17:00H<\/option>\n\t\t\t\t\t\t\t\t\t<option value=\"18:00H - 19:30H\">18:00H - 19:30H<\/option>\n\t\t\t\t\t\t\t<\/select>\n\t\t<\/div>\n\t\t\t\t\t\t<\/div>\n\t\t\t\t\t\t\t\t<div class=\"elementor-field-type-textarea elementor-field-group elementor-column elementor-field-group-message elementor-col-100\">\n\t\t\t\t\t\t\t\t\t\t\t\t<label for=\"form-field-message\" class=\"elementor-field-label\">\n\t\t\t\t\t\t\t\tObserva\u00e7\u00f5es\t\t\t\t\t\t\t<\/label>\n\t\t\t\t\t\t<textarea class=\"elementor-field-textual elementor-field  elementor-size-md\" name=\"form_fields[message]\" id=\"form-field-message\" rows=\"4\" placeholder=\"Observa\u00e7\u00f5es\"><\/textarea>\t\t\t\t<\/div>\n\t\t\t\t\t\t\t\t<div class=\"elementor-field-type-acceptance elementor-field-group elementor-column elementor-field-group-field_8fbaa39 elementor-col-100 elementor-field-required\">\n\t\t\t\t\t\t\t<div class=\"elementor-field-subgroup\">\n\t\t\t<span class=\"elementor-field-option\">\n\t\t\t\t<input type=\"checkbox\" name=\"form_fields[field_8fbaa39]\" id=\"form-field-field_8fbaa39\" class=\"elementor-field elementor-size-md  elementor-acceptance-field\" required=\"required\" aria-required=\"true\">\n\t\t\t\t<label for=\"form-field-field_8fbaa39\"> Li e Aceito a \n<a style=\"color:#C59A14;\" href=https:\/\/croe.pt\/index.php\/politica-de-privacidade\/\">Pol\u00edtica de Privacidade<\/a>\n<\/label>\t\t\t<\/span>\n\t\t<\/div>\n\t\t\t\t\t\t<\/div>\n\t\t\t\t\t\t\t\t<div class=\"elementor-field-group elementor-column elementor-field-type-submit elementor-col-100 e-form__buttons\">\n\t\t\t\t\t<button type=\"submit\" class=\"elementor-button elementor-size-sm\">\n\t\t\t\t\t\t<span >\n\t\t\t\t\t\t\t\t\t\t\t\t\t\t\t<span class=\" elementor-button-icon\">\n\t\t\t\t\t\t\t\t\t\t\t\t\t\t\t\t\t\t\t\t\t\t\t\t\t\t<\/span>\n\t\t\t\t\t\t\t\t\t\t\t\t\t\t\t\t\t\t\t\t\t\t<span class=\"elementor-button-text\">ENVIAR<\/span>\n\t\t\t\t\t\t\t\t\t\t\t\t\t<\/span>\n\t\t\t\t\t<\/button>\n\t\t\t\t<\/div>\n\t\t\t<\/div>\n\t\t<\/form>\n\t\t\t\t\t\t<\/div>\n\t\t\t\t<\/div>\n\t\t\t\t<\/div>\n\t\t\t\t<\/div>\n\t\t\t\t<\/div>\n\t\t","protected":false},"excerpt":{"rendered":"<p>PERIODONTOLOGIA A periodontologia \u00e9 uma especialidade da medicina dent\u00e1ria que se dedica ao estudo, diagn\u00f3stico e tratamento das doen\u00e7as que afetam os tecidos de suporte dos dentes, nomeadamente as gengivas, o osso alveolar e o ligamento periodontal. Essa \u00e1rea visa manter a sa\u00fade dos tecidos periodontais e prevenir, diagnosticar e tratar condi\u00e7\u00f5es como a gengivite [&hellip;]<\/p>\n","protected":false},"author":1,"featured_media":0,"parent":0,"menu_order":0,"comment_status":"closed","ping_status":"closed","template":"","meta":{"footnotes":""},"class_list":["post-151","page","type-page","status-publish","hentry"],"_links":{"self":[{"href":"https:\/\/croe.pt\/index.php\/wp-json\/wp\/v2\/pages\/151","targetHints":{"allow":["GET"]}}],"collection":[{"href":"https:\/\/croe.pt\/index.php\/wp-json\/wp\/v2\/pages"}],"about":[{"href":"https:\/\/croe.pt\/index.php\/wp-json\/wp\/v2\/types\/page"}],"author":[{"embeddable":true,"href":"https:\/\/croe.pt\/index.php\/wp-json\/wp\/v2\/users\/1"}],"replies":[{"embeddable":true,"href":"https:\/\/croe.pt\/index.php\/wp-json\/wp\/v2\/comments?post=151"}],"version-history":[{"count":46,"href":"https:\/\/croe.pt\/index.php\/wp-json\/wp\/v2\/pages\/151\/revisions"}],"predecessor-version":[{"id":2726,"href":"https:\/\/croe.pt\/index.php\/wp-json\/wp\/v2\/pages\/151\/revisions\/2726"}],"wp:attachment":[{"href":"https:\/\/croe.pt\/index.php\/wp-json\/wp\/v2\/media?parent=151"}],"curies":[{"name":"wp","href":"https:\/\/api.w.org\/{rel}","templated":true}]}}